{"id":12,"date":"2025-01-08T19:00:06","date_gmt":"2025-01-08T18:00:06","guid":{"rendered":"https:\/\/kozelkeletblog.hu\/?page_id=12"},"modified":"2025-01-31T16:29:38","modified_gmt":"2025-01-31T15:29:38","slug":"home","status":"publish","type":"page","link":"https:\/\/kozelkeletblog.hu\/en\/","title":{"rendered":"Home"},"content":{"rendered":"","protected":false},"excerpt":{"rendered":"","protected":false},"author":1,"featured_media":0,"parent":0,"menu_order":0,"comment_status":"closed","ping_status":"closed","template":"","meta":{"_seopress_robots_primary_cat":"","_seopress_titles_title":"%%sitetitle%%","_seopress_titles_desc":"\u00c9rdekes \u00edr\u00e1sok, inform\u00e1ci\u00f3k a K\u00f6zel-Keletr\u0151l. T\u00f6rt\u00e9nelem, kult\u00fara, politika. A blog szerkeszt\u0151je: Vajda Orsolya","_seopress_robots_index":"","footnotes":""},"class_list":["post-12","page","type-page","status-publish"],"_links":{"self":[{"href":"https:\/\/kozelkeletblog.hu\/en\/wp-json\/wp\/v2\/pages\/12","targetHints":{"allow":["GET"]}}],"collection":[{"href":"https:\/\/kozelkeletblog.hu\/en\/wp-json\/wp\/v2\/pages"}],"about":[{"href":"https:\/\/kozelkeletblog.hu\/en\/wp-json\/wp\/v2\/types\/page"}],"author":[{"embeddable":true,"href":"https:\/\/kozelkeletblog.hu\/en\/wp-json\/wp\/v2\/users\/1"}],"replies":[{"embeddable":true,"href":"https:\/\/kozelkeletblog.hu\/en\/wp-json\/wp\/v2\/comments?post=12"}],"version-history":[{"count":3,"href":"https:\/\/kozelkeletblog.hu\/en\/wp-json\/wp\/v2\/pages\/12\/revisions"}],"predecessor-version":[{"id":208,"href":"https:\/\/kozelkeletblog.hu\/en\/wp-json\/wp\/v2\/pages\/12\/revisions\/208"}],"wp:attachment":[{"href":"https:\/\/kozelkeletblog.hu\/en\/wp-json\/wp\/v2\/media?parent=12"}],"curies":[{"name":"wp","href":"https:\/\/api.w.org\/{rel}","templated":true}]}}